{"id":9,"date":"2025-07-23T11:35:05","date_gmt":"2025-07-23T14:35:05","guid":{"rendered":"http:\/\/celtafone.com.ar\/?page_id=9"},"modified":"2025-08-05T00:50:38","modified_gmt":"2025-08-05T03:50:38","slug":"inicio","status":"publish","type":"page","link":"https:\/\/celtafone.com.ar\/","title":{"rendered":"Inicio"},"content":{"rendered":"<div id=\"pl-9\"  class=\"panel-layout\" ><div id=\"pg-9-0\"  class=\"panel-grid panel-has-style\" ><div class=\"siteorigin-panels-stretch panel-row-style panel-row-style-for-9-0\" data-stretch-type=\"full-width-stretch\" ><div id=\"pgc-9-0-0\"  class=\"panel-grid-cell\" ><div id=\"panel-9-0-0-0\" class=\"so-panel widget widget_sow-editor panel-first-child panel-last-child\" data-index=\"0\" ><div\n\t\t\t\n\t\t\tclass=\"so-widget-sow-editor so-widget-sow-editor-base\"\n\t\t\t\n\t\t>\n<div class=\"siteorigin-widget-tinymce textwidget\">\n\t\n<\/div>\n<\/div><\/div><\/div><\/div><\/div><div id=\"pg-9-1\"  class=\"panel-grid panel-has-style\" ><div class=\"siteorigin-panels-stretch panel-row-style panel-row-style-for-9-1\" data-stretch-type=\"full-width-stretch\" ><div id=\"pgc-9-1-0\"  class=\"panel-grid-cell\" ><div id=\"panel-9-1-0-0\" class=\"so-panel widget widget_sow-editor panel-first-child\" data-index=\"1\" ><div\n\t\t\t\n\t\t\tclass=\"so-widget-sow-editor so-widget-sow-editor-base\"\n\t\t\t\n\t\t>\n<div class=\"siteorigin-widget-tinymce textwidget\">\n\t<h2 class=\"amx-blackitalic\" style=\"text-align: left;\">\n<span style=\"font-size: 28pt; color: #ffffff;\"><br \/>\nVENITE <span style=\"font-weight: 400;\">A CLARO<\/span><br \/>\n<\/span><\/h2>\n<\/div>\n<\/div><\/div><div id=\"panel-9-1-0-1\" class=\"so-panel widget widget_sow-editor panel-last-child\" data-index=\"2\" ><div class=\"so-rounded panel-widget-style panel-widget-style-for-9-1-0-1\" ><div\n\t\t\t\n\t\t\tclass=\"so-widget-sow-editor so-widget-sow-editor-base\"\n\t\t\t\n\t\t>\n<div class=\"siteorigin-widget-tinymce textwidget\">\n\t<h2 class=\"amx-blackitalic\" style=\"text-align: left;\"><span style=\"color: #da291c; font-size: 24pt;\"><i>Beneficios exclusivos<\/i><\/span><\/h2>\n<h5><span style=\"color: #da291c;\"><span class=\"amx-blackitalic\" style=\"font-size: 46pt;\">10% OFF<\/span><br \/>\npagando tu factura <\/span><br \/>\n<strong><span style=\"color: #da291c;\">con Claro Pay <\/span><\/strong><span style=\"color: #da291c; font-size: 10pt;\">(tope $ 2.000)<\/span><span style=\"color: #da291c;\">.<\/span><\/h5>\n<h5><span style=\"color: #da291c; font-size: 12pt;\">\u2022 Whatsapp Gratis<\/span><br \/>\n<span style=\"color: #da291c; font-size: 12pt;\">\u2022 SMS y minutos ilimitados<\/span><br \/>\n<span style=\"color: #da291c; font-size: 12pt;\">\u2022 Bonificaciones porcentuales<\/span><br \/>\n<span style=\"color: #da291c; font-size: 12pt;\">\u2022 Roaming incluido<\/span><\/h5>\n<h5><span style=\"color: #808080; font-size: 12pt;\">Y DISFRUT\u00c1 + BENEFICIOS<\/span><br \/>\n<img loading=\"lazy\" decoding=\"async\" class=\"alignnone wp-image-63\" src=\"http:\/\/celtafone.com.ar\/wp-content\/uploads\/2025\/07\/Subscripcion-300x107.png\" alt=\"\" width=\"218\" height=\"85\" \/><\/h5>\n<p><a href=\"#formulario\"><img loading=\"lazy\" decoding=\"async\" class=\"alignnone wp-image-132 aligncenter\" role=\"img\" src=\"http:\/\/celtafone.com.ar\/wp-content\/uploads\/2025\/07\/btn2.svg\" alt=\"\" width=\"194\" height=\"60\" \/><\/a><\/p>\n<\/div>\n<\/div><\/div><\/div><\/div><div id=\"pgc-9-1-1\"  class=\"panel-grid-cell\" ><div id=\"panel-9-1-1-0\" class=\"so-panel widget widget_sow-editor panel-first-child\" data-index=\"3\" ><div\n\t\t\t\n\t\t\tclass=\"so-widget-sow-editor so-widget-sow-editor-base\"\n\t\t\t\n\t\t>\n<div class=\"siteorigin-widget-tinymce textwidget\">\n\t<h2 class=\"amx-blackitalic\" style=\"text-align: left;\">\n<span style=\"font-size: 28pt; color: #ffffff;\"><br \/>\nINTERNET <span style=\"font-weight: 400;\">Inal\u00e1mbrico<\/span><br \/>\n<\/span><\/h2>\n<\/div>\n<\/div><\/div><div id=\"panel-9-1-1-1\" class=\"so-panel widget widget_sow-editor panel-last-child\" data-index=\"4\" ><div class=\"so-rounded panel-widget-style panel-widget-style-for-9-1-1-1\" ><div\n\t\t\t\n\t\t\tclass=\"so-widget-sow-editor so-widget-sow-editor-base\"\n\t\t\t\n\t\t>\n<div class=\"siteorigin-widget-tinymce textwidget\">\n\t<h4><span style=\"color: #da291c;\"><span class=\"amx-blackitalic\" style=\"font-size: 46pt;\">200MB<\/span><br \/>\n<span style=\"font-size: 12pt;\">100% AUTOGESTIONABLE<\/span><\/span><\/h4>\n<h4><span style=\"color: #da291c;\"><span class=\"amx-blackitalic\" style=\"font-size: 36pt;\">11.999 <\/span><span class=\"amx-italic\" style=\"font-size: 20pt;\">X MES<\/span><br \/>\n<span class=\"amx-regular\" style=\"font-size: 14pt;\">ACTIVACION <strong>F\u00c1CIL<\/strong> Y <strong>R\u00c1PIDA<\/strong><\/span><\/span><\/h4>\n<h4><\/h4>\n<table style=\"width: 100%; border-collapse: collapse; background-color: transparent; border: none;\">\n<tbody>\n<tr>\n<td style=\"width: 65%; vertical-align: middle; border: none;\">\n<h4><span style=\"color: #999999;\"><span class=\"amx-blackitalic\" style=\"font-size: 24pt;\">+ ROUTER<\/span><br \/>\n<span class=\"amx-italic\" style=\"font-size: 10pt;\">*CONSULTAR FINANCIACI\u00d3N<\/span><\/span><\/h4>\n<\/td>\n<td style=\"width: 35%; vertical-align: center; border: none;\"><img loading=\"lazy\" decoding=\"async\" class=\"wp-image-177 aligncenter\" src=\"http:\/\/celtafone.com.ar\/wp-content\/uploads\/2025\/07\/router-201x300.png\" alt=\"\" width=\"117\" height=\"174\" srcset=\"https:\/\/celtafone.com.ar\/wp-content\/uploads\/2025\/07\/router-201x300.png 201w, https:\/\/celtafone.com.ar\/wp-content\/uploads\/2025\/07\/router.png 260w\" sizes=\"auto, (max-width: 117px) 100vw, 117px\" \/><\/td>\n<\/tr>\n<\/tbody>\n<\/table>\n<p><a href=\"#formulario\"><img loading=\"lazy\" decoding=\"async\" class=\"alignnone wp-image-132 aligncenter\" role=\"img\" src=\"http:\/\/celtafone.com.ar\/wp-content\/uploads\/2025\/07\/btn2.svg\" alt=\"\" width=\"194\" height=\"60\" \/><\/a><\/p>\n<\/div>\n<\/div><\/div><\/div><\/div><\/div><\/div><div id=\"pg-9-2\"  class=\"panel-grid panel-has-style\" ><div class=\"siteorigin-panels-stretch panel-row-style panel-row-style-for-9-2\" id=\"formulario\" data-stretch-type=\"full\" ><div id=\"pgc-9-2-0\"  class=\"panel-grid-cell\" ><div id=\"panel-9-2-0-0\" class=\"so-panel widget widget_sow-editor panel-first-child panel-last-child\" data-index=\"5\" ><div class=\"panel-widget-style panel-widget-style-for-9-2-0-0\" ><div\n\t\t\t\n\t\t\tclass=\"so-widget-sow-editor so-widget-sow-editor-base\"\n\t\t\t\n\t\t>\n<div class=\"siteorigin-widget-tinymce textwidget\">\n\t    <style>\n        .form-container {\n            flex: 1;\n            min-width: 0;\n            height: 90vh;\n            display: flex;\n            flex-direction: column;\n            justify-content: center;\n            align-items: center;\n        }\n\n        iframe {\n            width: 100%;\n            height: 100%;\n            border: none;\n        }\n\n        h2 {\n            text-align: center;\n            margin-bottom: 5px;\n            font-size: 1.2em;\n        }\n\n        @media (max-width: 768px) {\n            .form-container {\n                flex: 1 1 100%;\n                max-width: 100%;\n                height: auto;\n                margin-bottom: 20px;\n            }\n\n            iframe {\n                height: 500px;\n            }\n        }\n    <\/style>\n\n    <div style=\"display:flex;flex-wrap:wrap;gap:10px;\">\n        <div id=\"contact-form-1\" class=\"form-container\">\n\t\t\t<h2 class=\"amx-blackitalic\" style=\"text-align: left;\">\n  <span style=\"font-size: 24pt; color: #DA291C;\">\n    Portabilidad\n  <\/span>\n<\/h2>\n\n        <\/div>\n        <div id=\"contact-form-2\" class=\"form-container\">\n           \n\t\t\t<h2 class=\"amx-blackitalic\" style=\"text-align: left;\">\n  <span style=\"font-size: 24pt; color: #DA291C;\">\n    L\u00ednea Nueva\n  <\/span>\n<\/h2>\n        <\/div>\n    <\/div>\n\n    <script>\n        (function() {\n            const formConfigs = [\n                { containerId: 'contact-form-1', url: 'https:\/\/agentes.com.ar\/contact\/celtafone\/Portabilidad' },\n                { containerId: 'contact-form-2', url: 'https:\/\/agentes.com.ar\/contact\/celtafone\/linea-nueva' },\n            ];\n\n            formConfigs.forEach(config => {\n                const container = document.getElementById(config.containerId);\n                const iframe = document.createElement('iframe');\n                iframe.src = config.url;\n                iframe.title = \"Formulario de Contacto\";\n                iframe.setAttribute('aria-label', 'Formulario de Contacto');\n                container.appendChild(iframe);\n            });\n\n            window.addEventListener('message', (event) => {\n                if (event.data && event.data.height && typeof event.data.height === 'number') {\n                    const iframes = document.querySelectorAll('iframe');\n                    iframes.forEach(iframe => {\n                        if (event.origin === new URL(iframe.src).origin) {\n                            iframe.style.height = (event.data.height + 5) + 'px';\n                        }\n                    });\n                }\n            });\n        })();\n    <\/script>\n    \n<\/div>\n<\/div><\/div><\/div><\/div><\/div><\/div><div id=\"pg-9-3\"  class=\"panel-grid panel-has-style\" ><div class=\"siteorigin-panels-stretch panel-row-style panel-row-style-for-9-3\" data-stretch-type=\"full-width-stretch\" ><div id=\"pgc-9-3-0\"  class=\"panel-grid-cell\" ><div class=\"panel-cell-style panel-cell-style-for-9-3-0\" ><div id=\"panel-9-3-0-0\" class=\"so-panel widget widget_sow-editor panel-first-child panel-last-child\" data-index=\"6\" ><div\n\t\t\t\n\t\t\tclass=\"so-widget-sow-editor so-widget-sow-editor-base\"\n\t\t\t\n\t\t>\n<div class=\"siteorigin-widget-tinymce textwidget\">\n\t<h1><span style=\"font-size: 24pt;\">Celtafone<\/span><\/h1>\n<p>Somos Agente Oficial de Claro Argentina. Como tal estamos nos dedicamos a gestionar altas de l\u00edneas, cambios de planes y portabilidad num\u00e9rica. Adem\u00e1s contamos con beneficios y descuentos especiales para quienes gestionen sus tr\u00e1mites a trav\u00e9s de nosotros. Trabajamos con agentes y puntos de venta en el interior de la provincia de Buenos Aires y para todo el pa\u00eds. El profesionalismo, el compromiso y la actualizaci\u00f3n tecnol\u00f3gica son nuestras gu\u00edas en el d\u00eda a d\u00eda. Buscamos la mejor oferta para cada uno de nuestros Clientes. \u00a1Contactanos y conoce m\u00e1s sobre nosotros! Encontranos en nuestras redes sociales o personalmente en nuestros locales: En Olavarria, Calle Necochea N\u00ba 2893. Telemundo. En Coronel Su\u00e1rez, Calle Brandsen N\u00ba 32. Hall Electr\u00f3nica. En Benito Juarez, Calle Alsina N\u00ba 96. Sarramone Comunicaciones.<\/p>\n<\/div>\n<\/div><\/div><\/div><\/div><div id=\"pgc-9-3-1\"  class=\"panel-grid-cell\" ><div class=\"panel-cell-style panel-cell-style-for-9-3-1\" ><div id=\"panel-9-3-1-0\" class=\"so-panel widget widget_sow-image panel-first-child panel-last-child\" data-index=\"7\" ><div\n\t\t\t\n\t\t\tclass=\"so-widget-sow-image so-widget-sow-image-default-8b5b6f678277-9\"\n\t\t\t\n\t\t>\n<div class=\"sow-image-container\">\n\t\t<img \n\tsrc=\"https:\/\/celtafone.com.ar\/wp-content\/uploads\/2025\/07\/map.jpg\" width=\"1602\" height=\"950\" srcset=\"https:\/\/celtafone.com.ar\/wp-content\/uploads\/2025\/07\/map.jpg 1602w, https:\/\/celtafone.com.ar\/wp-content\/uploads\/2025\/07\/map-300x178.jpg 300w, https:\/\/celtafone.com.ar\/wp-content\/uploads\/2025\/07\/map-1024x607.jpg 1024w, https:\/\/celtafone.com.ar\/wp-content\/uploads\/2025\/07\/map-768x455.jpg 768w, https:\/\/celtafone.com.ar\/wp-content\/uploads\/2025\/07\/map-1536x911.jpg 1536w\" sizes=\"(max-width: 1602px) 100vw, 1602px\" alt=\"\" \t\tclass=\"so-widget-image\"\/>\n\t<\/div>\n\n<\/div><\/div><\/div><\/div><\/div><\/div><div id=\"pg-9-4\"  class=\"panel-grid panel-has-style\" ><div class=\"siteorigin-panels-stretch panel-row-style panel-row-style-for-9-4\" id=\"formulario\" data-stretch-type=\"full-width-stretch\" ><div id=\"pgc-9-4-0\"  class=\"panel-grid-cell\" ><div id=\"panel-9-4-0-0\" class=\"so-panel widget widget_sow-image panel-first-child panel-last-child\" data-index=\"8\" ><div\n\t\t\t\n\t\t\tclass=\"so-widget-sow-image so-widget-sow-image-default-8b5b6f678277-9\"\n\t\t\t\n\t\t>\n<div class=\"sow-image-container\">\n\t\t<img \n\tsrc=\"https:\/\/celtafone.com.ar\/wp-content\/uploads\/2025\/07\/bg04-scaled.jpg\" width=\"2560\" height=\"993\" srcset=\"https:\/\/celtafone.com.ar\/wp-content\/uploads\/2025\/07\/bg04-scaled.jpg 2560w, https:\/\/celtafone.com.ar\/wp-content\/uploads\/2025\/07\/bg04-300x116.jpg 300w, https:\/\/celtafone.com.ar\/wp-content\/uploads\/2025\/07\/bg04-1024x397.jpg 1024w, https:\/\/celtafone.com.ar\/wp-content\/uploads\/2025\/07\/bg04-768x298.jpg 768w, https:\/\/celtafone.com.ar\/wp-content\/uploads\/2025\/07\/bg04-1536x596.jpg 1536w, https:\/\/celtafone.com.ar\/wp-content\/uploads\/2025\/07\/bg04-2048x794.jpg 2048w\" sizes=\"(max-width: 2560px) 100vw, 2560px\" title=\"bg04\" alt=\"\" \t\tclass=\"so-widget-image\"\/>\n\t<\/div>\n\n<\/div><\/div><\/div><\/div><\/div><\/div>","protected":false},"excerpt":{"rendered":"<p>VENITE A CLARO Beneficios exclusivos 10% OFF pagando tu factura con Claro Pay (tope $ 2.000). \u2022 Whatsapp Gratis \u2022 SMS y minutos ilimitados \u2022 Bonificaciones porcentuales \u2022 Roaming incluido Y DISFRUT\u00c1 + BENEFICIOS INTERNET Inal\u00e1mbrico 200MB 100% AUTOGESTIONABLE 11.999 X MES ACTIVACION F\u00c1CIL Y R\u00c1PIDA + ROUTER *CONSULTAR FINANCIACI\u00d3N<\/p>\n","protected":false},"author":1,"featured_media":0,"parent":0,"menu_order":0,"comment_status":"closed","ping_status":"closed","template":"","meta":{"footnotes":""},"class_list":["post-9","page","type-page","status-publish","hentry","post"],"_links":{"self":[{"href":"https:\/\/celtafone.com.ar\/index.php\/wp-json\/wp\/v2\/pages\/9","targetHints":{"allow":["GET"]}}],"collection":[{"href":"https:\/\/celtafone.com.ar\/index.php\/wp-json\/wp\/v2\/pages"}],"about":[{"href":"https:\/\/celtafone.com.ar\/index.php\/wp-json\/wp\/v2\/types\/page"}],"author":[{"embeddable":true,"href":"https:\/\/celtafone.com.ar\/index.php\/wp-json\/wp\/v2\/users\/1"}],"replies":[{"embeddable":true,"href":"https:\/\/celtafone.com.ar\/index.php\/wp-json\/wp\/v2\/comments?post=9"}],"version-history":[{"count":142,"href":"https:\/\/celtafone.com.ar\/index.php\/wp-json\/wp\/v2\/pages\/9\/revisions"}],"predecessor-version":[{"id":76,"href":"https:\/\/celtafone.com.ar\/index.php\/wp-json\/wp\/v2\/pages\/9\/revisions\/76"}],"wp:attachment":[{"href":"https:\/\/celtafone.com.ar\/index.php\/wp-json\/wp\/v2\/media?parent=9"}],"curies":[{"name":"wp","href":"https:\/\/api.w.org\/{rel}","templated":true}]}}